{"id":1157,"date":"2025-02-05T10:26:03","date_gmt":"2025-02-05T10:26:03","guid":{"rendered":"https:\/\/finquescatalonia.cat\/administracion-de-fincas\/"},"modified":"2025-04-10T08:39:28","modified_gmt":"2025-04-10T08:39:28","slug":"administracion-de-fincas","status":"publish","type":"page","link":"https:\/\/finquescatalonia.cat\/es\/administracion-de-fincas\/","title":{"rendered":"Administraci\u00f3n de fincas"},"content":{"rendered":"\t\t<div data-elementor-type=\"wp-post\" data-elementor-id=\"1157\" class=\"elementor elementor-1157 elementor-367\" data-elementor-post-type=\"page\">\n\t\t\t\t<div class=\"elementor-element elementor-element-53300af e-con-full e-flex e-con e-parent\" data-id=\"53300af\" data-element_type=\"container\" data-e-type=\"container\" data-settings=\"{&quot;background_background&quot;:&quot;classic&quot;}\">\n\t\t<div class=\"elementor-element elementor-element-941c2a0 e-flex e-con-boxed e-con e-child\" data-id=\"941c2a0\" data-element_type=\"container\" data-e-type=\"container\" data-settings=\"{&quot;background_background&quot;:&quot;classic&quot;}\">\n\t\t\t\t\t<div class=\"e-con-inner\">\n\t\t\t\t<div class=\"elementor-element elementor-element-612700d elementor-invisible elementor-widget elementor-widget-heading\" data-id=\"612700d\" data-element_type=\"widget\" data-e-type=\"widget\" data-settings=\"{&quot;_animation&quot;:&quot;fadeInLeft&quot;}\" data-widget_type=\"heading.default\">\n\t\t\t\t<div class=\"elementor-widget-container\">\n\t\t\t\t\t<h2 class=\"elementor-heading-title elementor-size-default\">Administraci\u00f3n de fincas<\/h2>\t\t\t\t<\/div>\n\t\t\t\t<\/div>\n\t\t\t\t\t<\/div>\n\t\t\t\t<\/div>\n\t\t<div class=\"elementor-element elementor-element-3c5b8e5 e-flex e-con-boxed e-con e-child\" data-id=\"3c5b8e5\" data-element_type=\"container\" data-e-type=\"container\">\n\t\t\t\t\t<div class=\"e-con-inner\">\n\t\t<div class=\"elementor-element elementor-element-8099b45 e-con-full e-flex elementor-invisible e-con e-child\" data-id=\"8099b45\" data-element_type=\"container\" data-e-type=\"container\" data-settings=\"{&quot;background_background&quot;:&quot;classic&quot;,&quot;animation&quot;:&quot;fadeInUp&quot;}\">\n\t\t\t\t<div class=\"elementor-element elementor-element-c4341d8 elementor-widget__width-initial elementor-widget elementor-widget-image\" data-id=\"c4341d8\" data-element_type=\"widget\" data-e-type=\"widget\" data-widget_type=\"image.default\">\n\t\t\t\t<div class=\"elementor-widget-container\">\n\t\t\t\t\t\t\t\t\t\t\t\t\t\t\t<img fetchpriority=\"high\" decoding=\"async\" width=\"800\" height=\"534\" src=\"https:\/\/finquescatalonia.cat\/wp-content\/uploads\/2025\/02\/pexels-photo-7979432-1024x683.webp\" class=\"attachment-large size-large wp-image-1149\" alt=\"\" srcset=\"https:\/\/finquescatalonia.cat\/wp-content\/uploads\/2025\/02\/pexels-photo-7979432-1024x683.webp 1024w, https:\/\/finquescatalonia.cat\/wp-content\/uploads\/2025\/02\/pexels-photo-7979432-300x200.webp 300w, https:\/\/finquescatalonia.cat\/wp-content\/uploads\/2025\/02\/pexels-photo-7979432-768x512.webp 768w, https:\/\/finquescatalonia.cat\/wp-content\/uploads\/2025\/02\/pexels-photo-7979432.webp 1125w\" sizes=\"(max-width: 800px) 100vw, 800px\" \/>\t\t\t\t\t\t\t\t\t\t\t\t\t\t\t<\/div>\n\t\t\t\t<\/div>\n\t\t<div class=\"elementor-element elementor-element-ba69f64 e-con-full e-flex e-con e-child\" data-id=\"ba69f64\" data-element_type=\"container\" data-e-type=\"container\">\n\t\t\t\t<div class=\"elementor-element elementor-element-00e13e4 elementor-widget elementor-widget-heading\" data-id=\"00e13e4\" data-element_type=\"widget\" data-e-type=\"widget\" data-widget_type=\"heading.default\">\n\t\t\t\t<div class=\"elementor-widget-container\">\n\t\t\t\t\t<h2 class=\"elementor-heading-title elementor-size-default\">A Assessoria i Finques Catalonia, ofrecemos un servicio completo para la gesti\u00f3n de comunidades de propietarios, garantizando una administraci\u00f3n de fincas eficiente y transparente. <br>Nos encargamos de la constituci\u00f3n de comunidades, gesti\u00f3n econ\u00f3mica, control de pagos, seguros, obras y subvenciones, as\u00ed como de la organizaci\u00f3n de reuniones y la ejecuci\u00f3n de los acuerdos. Contamos con un equipo especializado y atenci\u00f3n personalizada, aseguramos una gesti\u00f3n \u00f3ptima y adaptada a las necesidades de cada comunidad. <\/h2>\t\t\t\t<\/div>\n\t\t\t\t<\/div>\n\t\t\t\t<div class=\"elementor-element elementor-element-f0099d2 elementor-align-left elementor-widget elementor-widget-button\" data-id=\"f0099d2\" data-element_type=\"widget\" data-e-type=\"widget\" data-widget_type=\"button.default\">\n\t\t\t\t<div class=\"elementor-widget-container\">\n\t\t\t\t\t\t\t\t\t<div class=\"elementor-button-wrapper\">\n\t\t\t\t\t<a class=\"elementor-button elementor-button-link elementor-size-sm\" href=\"#contact\">\n\t\t\t\t\t\t<span class=\"elementor-button-content-wrapper\">\n\t\t\t\t\t\t\t\t\t<span class=\"elementor-button-text\">PONTE EN CONTACTO<\/span>\n\t\t\t\t\t<\/span>\n\t\t\t\t\t<\/a>\n\t\t\t\t<\/div>\n\t\t\t\t\t\t\t\t<\/div>\n\t\t\t\t<\/div>\n\t\t\t\t<\/div>\n\t\t\t\t<\/div>\n\t\t\t\t\t<\/div>\n\t\t\t\t<\/div>\n\t\t<div class=\"elementor-element elementor-element-922596a e-flex e-con-boxed e-con e-child\" data-id=\"922596a\" data-element_type=\"container\" data-e-type=\"container\">\n\t\t\t\t\t<div class=\"e-con-inner\">\n\t\t<div class=\"elementor-element elementor-element-e185dac e-con-full e-flex e-con e-child\" data-id=\"e185dac\" data-element_type=\"container\" data-e-type=\"container\">\n\t\t<div class=\"elementor-element elementor-element-6c4e2d0 e-con-full e-flex elementor-invisible e-con e-child\" data-id=\"6c4e2d0\" data-element_type=\"container\" data-e-type=\"container\" data-settings=\"{&quot;background_background&quot;:&quot;classic&quot;,&quot;animation&quot;:&quot;fadeInUp&quot;}\">\n\t\t\t\t<div class=\"elementor-element elementor-element-4158b6b elementor-widget elementor-widget-heading\" data-id=\"4158b6b\" data-element_type=\"widget\" data-e-type=\"widget\" data-widget_type=\"heading.default\">\n\t\t\t\t<div class=\"elementor-widget-container\">\n\t\t\t\t\t<h2 class=\"elementor-heading-title elementor-size-default\">Constituci\u00f3n de Comunidades<\/h2>\t\t\t\t<\/div>\n\t\t\t\t<\/div>\n\t\t\t\t<div class=\"elementor-element elementor-element-fa37ec7 elementor-widget elementor-widget-text-editor\" data-id=\"fa37ec7\" data-element_type=\"widget\" data-e-type=\"widget\" data-widget_type=\"text-editor.default\">\n\t\t\t\t<div class=\"elementor-widget-container\">\n\t\t\t\t\t\t\t\t\t<p>Juntas Constitutivas.<\/p><p>Redacci\u00f3n de Estatutos y Normas de R\u00e9gimen Interno.<\/p><p>Legalizaci\u00f3n del Libro de Actas.<\/p><p>Solicitud del NIF a Hacienda.<\/p>\t\t\t\t\t\t\t\t<\/div>\n\t\t\t\t<\/div>\n\t\t\t\t<\/div>\n\t\t<div class=\"elementor-element elementor-element-b63595a e-con-full e-flex elementor-invisible e-con e-child\" data-id=\"b63595a\" data-element_type=\"container\" data-e-type=\"container\" data-settings=\"{&quot;background_background&quot;:&quot;classic&quot;,&quot;animation&quot;:&quot;fadeInUp&quot;}\">\n\t\t\t\t<div class=\"elementor-element elementor-element-e6171e8 elementor-widget elementor-widget-heading\" data-id=\"e6171e8\" data-element_type=\"widget\" data-e-type=\"widget\" data-widget_type=\"heading.default\">\n\t\t\t\t<div class=\"elementor-widget-container\">\n\t\t\t\t\t<h2 class=\"elementor-heading-title elementor-size-default\">Gesti\u00f3n Econ\u00f3mica<\/h2>\t\t\t\t<\/div>\n\t\t\t\t<\/div>\n\t\t\t\t<div class=\"elementor-element elementor-element-73a4e44 elementor-widget elementor-widget-text-editor\" data-id=\"73a4e44\" data-element_type=\"widget\" data-e-type=\"widget\" data-widget_type=\"text-editor.default\">\n\t\t\t\t<div class=\"elementor-widget-container\">\n\t\t\t\t\t\t\t\t\t<p>Confecci\u00f3n de presupuestos y cuentas anuales.<\/p><p>Reclamaciones de recibos pendientes.<\/p><p>Gesti\u00f3n judicial de recibos impagados.<\/p>\t\t\t\t\t\t\t\t<\/div>\n\t\t\t\t<\/div>\n\t\t\t\t<\/div>\n\t\t<div class=\"elementor-element elementor-element-ca108c4 e-con-full e-flex elementor-invisible e-con e-child\" data-id=\"ca108c4\" data-element_type=\"container\" data-e-type=\"container\" data-settings=\"{&quot;background_background&quot;:&quot;classic&quot;,&quot;animation&quot;:&quot;fadeInUp&quot;}\">\n\t\t\t\t<div class=\"elementor-element elementor-element-9411c18 elementor-widget elementor-widget-heading\" data-id=\"9411c18\" data-element_type=\"widget\" data-e-type=\"widget\" data-widget_type=\"heading.default\">\n\t\t\t\t<div class=\"elementor-widget-container\">\n\t\t\t\t\t<h2 class=\"elementor-heading-title elementor-size-default\">Reuniones y Acuerdos\n<\/h2>\t\t\t\t<\/div>\n\t\t\t\t<\/div>\n\t\t\t\t<div class=\"elementor-element elementor-element-ebb9596 elementor-widget elementor-widget-text-editor\" data-id=\"ebb9596\" data-element_type=\"widget\" data-e-type=\"widget\" data-widget_type=\"text-editor.default\">\n\t\t\t\t<div class=\"elementor-widget-container\">\n\t\t\t\t\t\t\t\t\t<p>Convocatoria y asistencia a las reuniones.<\/p><p>Env\u00edo de Actas con acuerdos.<\/p><p>Ejecuci\u00f3n r\u00e1pida de los acuerdos adoptados.<\/p>\t\t\t\t\t\t\t\t<\/div>\n\t\t\t\t<\/div>\n\t\t\t\t<\/div>\n\t\t<div class=\"elementor-element elementor-element-ef2292d e-con-full e-flex elementor-invisible e-con e-child\" data-id=\"ef2292d\" data-element_type=\"container\" data-e-type=\"container\" data-settings=\"{&quot;background_background&quot;:&quot;classic&quot;,&quot;animation&quot;:&quot;fadeInUp&quot;}\">\n\t\t\t\t<div class=\"elementor-element elementor-element-8ee2cfc elementor-widget elementor-widget-heading\" data-id=\"8ee2cfc\" data-element_type=\"widget\" data-e-type=\"widget\" data-widget_type=\"heading.default\">\n\t\t\t\t<div class=\"elementor-widget-container\">\n\t\t\t\t\t<h2 class=\"elementor-heading-title elementor-size-default\">Control de Pagos y Gastos<\/h2>\t\t\t\t<\/div>\n\t\t\t\t<\/div>\n\t\t\t\t<div class=\"elementor-element elementor-element-dd364b7 elementor-widget elementor-widget-text-editor\" data-id=\"dd364b7\" data-element_type=\"widget\" data-e-type=\"widget\" data-widget_type=\"text-editor.default\">\n\t\t\t\t<div class=\"elementor-widget-container\">\n\t\t\t\t\t\t\t\t\t<p>Pago y control de suministros.<\/p><p>Mantenimientos comunitarios.<\/p><p>Gesti\u00f3n y revisi\u00f3n de impuestos.<\/p>\t\t\t\t\t\t\t\t<\/div>\n\t\t\t\t<\/div>\n\t\t\t\t<\/div>\n\t\t<div class=\"elementor-element elementor-element-5ea5e3d e-con-full e-flex elementor-invisible e-con e-child\" data-id=\"5ea5e3d\" data-element_type=\"container\" data-e-type=\"container\" data-settings=\"{&quot;background_background&quot;:&quot;classic&quot;,&quot;animation&quot;:&quot;fadeInUp&quot;}\">\n\t\t\t\t<div class=\"elementor-element elementor-element-1bb74d7 elementor-widget elementor-widget-heading\" data-id=\"1bb74d7\" data-element_type=\"widget\" data-e-type=\"widget\" data-widget_type=\"heading.default\">\n\t\t\t\t<div class=\"elementor-widget-container\">\n\t\t\t\t\t<h2 class=\"elementor-heading-title elementor-size-default\">Seguros y Siniestros<\/h2>\t\t\t\t<\/div>\n\t\t\t\t<\/div>\n\t\t\t\t<div class=\"elementor-element elementor-element-37bd54e elementor-widget elementor-widget-text-editor\" data-id=\"37bd54e\" data-element_type=\"widget\" data-e-type=\"widget\" data-widget_type=\"text-editor.default\">\n\t\t\t\t<div class=\"elementor-widget-container\">\n\t\t\t\t\t\t\t\t\t<p>Contrataci\u00f3n de p\u00f3lizas.<\/p><p>Tramitaci\u00f3n y seguimiento de siniestros.<\/p>\t\t\t\t\t\t\t\t<\/div>\n\t\t\t\t<\/div>\n\t\t\t\t<\/div>\n\t\t<div class=\"elementor-element elementor-element-fbd814e e-con-full e-flex elementor-invisible e-con e-child\" data-id=\"fbd814e\" data-element_type=\"container\" data-e-type=\"container\" data-settings=\"{&quot;background_background&quot;:&quot;classic&quot;,&quot;animation&quot;:&quot;fadeInUp&quot;}\">\n\t\t\t\t<div class=\"elementor-element elementor-element-1a7a5c3 elementor-widget elementor-widget-heading\" data-id=\"1a7a5c3\" data-element_type=\"widget\" data-e-type=\"widget\" data-widget_type=\"heading.default\">\n\t\t\t\t<div class=\"elementor-widget-container\">\n\t\t\t\t\t<h2 class=\"elementor-heading-title elementor-size-default\">Personal y N\u00f3minas<\/h2>\t\t\t\t<\/div>\n\t\t\t\t<\/div>\n\t\t\t\t<div class=\"elementor-element elementor-element-4a917d5 elementor-widget elementor-widget-text-editor\" data-id=\"4a917d5\" data-element_type=\"widget\" data-e-type=\"widget\" data-widget_type=\"text-editor.default\">\n\t\t\t\t<div class=\"elementor-widget-container\">\n\t\t\t\t\t\t\t\t\t<p>Pago de n\u00f3minas a empleados de la comunidad.<\/p><p>Liquidaci\u00f3n de seguros sociales e impuestos ante Organismos Oficiales.<\/p>\t\t\t\t\t\t\t\t<\/div>\n\t\t\t\t<\/div>\n\t\t\t\t<\/div>\n\t\t<div class=\"elementor-element elementor-element-717c0c5 e-con-full e-flex elementor-invisible e-con e-child\" data-id=\"717c0c5\" data-element_type=\"container\" data-e-type=\"container\" data-settings=\"{&quot;background_background&quot;:&quot;classic&quot;,&quot;animation&quot;:&quot;fadeInUp&quot;}\">\n\t\t\t\t<div class=\"elementor-element elementor-element-0ddec8c elementor-widget elementor-widget-heading\" data-id=\"0ddec8c\" data-element_type=\"widget\" data-e-type=\"widget\" data-widget_type=\"heading.default\">\n\t\t\t\t<div class=\"elementor-widget-container\">\n\t\t\t\t\t<h2 class=\"elementor-heading-title elementor-size-default\">Obras y Subvenciones<\/h2>\t\t\t\t<\/div>\n\t\t\t\t<\/div>\n\t\t\t\t<div class=\"elementor-element elementor-element-825a2bf elementor-widget elementor-widget-text-editor\" data-id=\"825a2bf\" data-element_type=\"widget\" data-e-type=\"widget\" data-widget_type=\"text-editor.default\">\n\t\t\t\t<div class=\"elementor-widget-container\">\n\t\t\t\t\t\t\t\t\t<p>Tramitaci\u00f3n de subvenciones para fachadas, patios de luces, azoteas, etc.<\/p><p>Asesoramiento en obras: arquitectos, presupuestos, certificados de seguridad.<\/p>\t\t\t\t\t\t\t\t<\/div>\n\t\t\t\t<\/div>\n\t\t\t\t<\/div>\n\t\t<div class=\"elementor-element elementor-element-1afa936 e-con-full e-flex elementor-invisible e-con e-child\" data-id=\"1afa936\" data-element_type=\"container\" data-e-type=\"container\" data-settings=\"{&quot;background_background&quot;:&quot;classic&quot;,&quot;animation&quot;:&quot;fadeInUp&quot;}\">\n\t\t\t\t<div class=\"elementor-element elementor-element-5d46b2d elementor-widget elementor-widget-heading\" data-id=\"5d46b2d\" data-element_type=\"widget\" data-e-type=\"widget\" data-widget_type=\"heading.default\">\n\t\t\t\t<div class=\"elementor-widget-container\">\n\t\t\t\t\t<h2 class=\"elementor-heading-title elementor-size-default\">Atenci\u00f3n Personalizada y Juntas<\/h2>\t\t\t\t<\/div>\n\t\t\t\t<\/div>\n\t\t\t\t<div class=\"elementor-element elementor-element-01715c8 elementor-widget elementor-widget-text-editor\" data-id=\"01715c8\" data-element_type=\"widget\" data-e-type=\"widget\" data-widget_type=\"text-editor.default\">\n\t\t\t\t<div class=\"elementor-widget-container\">\n\t\t\t\t\t\t\t\t\t<p>Comunidades tuteladas por un equipo especializado.<\/p><p>Apoyo de los diferentes departamentos del despacho.<\/p><p>Juntas en salas habilitadas o a la misma finca.<\/p>\t\t\t\t\t\t\t\t<\/div>\n\t\t\t\t<\/div>\n\t\t\t\t<\/div>\n\t\t\t\t<\/div>\n\t\t\t\t\t<\/div>\n\t\t\t\t<\/div>\n\t\t\t\t<\/div>\n\t\t\t\t<\/div>\n\t\t","protected":false},"excerpt":{"rendered":"<p>Administraci\u00f3n de fincas A Assessoria i Finques Catalonia, ofrecemos un servicio completo para la gesti\u00f3n de comunidades de propietarios, garantizando una administraci\u00f3n de fincas eficiente y transparente. Nos encargamos de la constituci\u00f3n de comunidades, gesti\u00f3n econ\u00f3mica, control de pagos, seguros, obras y subvenciones, as\u00ed como de la organizaci\u00f3n de reuniones y la ejecuci\u00f3n de los [&hellip;]<\/p>\n","protected":false},"author":1,"featured_media":0,"parent":0,"menu_order":0,"comment_status":"closed","ping_status":"closed","template":"","meta":{"footnotes":""},"class_list":["post-1157","page","type-page","status-publish","hentry"],"yoast_head":"<!-- This site is optimized with the Yoast SEO plugin v27.2 - https:\/\/yoast.com\/product\/yoast-seo-wordpress\/ -->\n<title>Administraci\u00f3n de fincas - Finques Catalonia<\/title>\n<meta name=\"description\" content=\"Servicio completo para la gesti\u00f3n de comunidades de propietarios, garantizando una administraci\u00f3n de fincas eficiente y transparente.\" \/>\n<meta name=\"robots\" content=\"index, follow, max-snippet:-1, max-image-preview:large, max-video-preview:-1\" \/>\n<link rel=\"canonical\" href=\"https:\/\/finquescatalonia.cat\/es\/administracion-de-fincas\/\" \/>\n<meta property=\"og:locale\" content=\"es_ES\" \/>\n<meta property=\"og:type\" content=\"article\" \/>\n<meta property=\"og:title\" content=\"Administraci\u00f3n de fincas - Finques Catalonia\" \/>\n<meta property=\"og:description\" content=\"Servicio completo para la gesti\u00f3n de comunidades de propietarios, garantizando una administraci\u00f3n de fincas eficiente y transparente.\" \/>\n<meta property=\"og:url\" content=\"https:\/\/finquescatalonia.cat\/es\/administracion-de-fincas\/\" \/>\n<meta property=\"og:site_name\" content=\"Finques Catalonia\" \/>\n<meta property=\"article:modified_time\" content=\"2025-04-10T08:39:28+00:00\" \/>\n<meta property=\"og:image\" content=\"https:\/\/finquescatalonia.cat\/wp-content\/uploads\/2025\/02\/pexels-photo-7979432.webp\" \/>\n\t<meta property=\"og:image:width\" content=\"1125\" \/>\n\t<meta property=\"og:image:height\" content=\"750\" \/>\n\t<meta property=\"og:image:type\" content=\"image\/webp\" \/>\n<meta name=\"twitter:card\" content=\"summary_large_image\" \/>\n<meta name=\"twitter:label1\" content=\"Tiempo de lectura\" \/>\n\t<meta name=\"twitter:data1\" content=\"1 minuto\" \/>\n<script type=\"application\/ld+json\" class=\"yoast-schema-graph\">{\"@context\":\"https:\/\/schema.org\",\"@graph\":[{\"@type\":\"WebPage\",\"@id\":\"https:\/\/finquescatalonia.cat\/es\/administracion-de-fincas\/\",\"url\":\"https:\/\/finquescatalonia.cat\/es\/administracion-de-fincas\/\",\"name\":\"Administraci\u00f3n de fincas - Finques Catalonia\",\"isPartOf\":{\"@id\":\"https:\/\/finquescatalonia.cat\/#website\"},\"primaryImageOfPage\":{\"@id\":\"https:\/\/finquescatalonia.cat\/es\/administracion-de-fincas\/#primaryimage\"},\"image\":{\"@id\":\"https:\/\/finquescatalonia.cat\/es\/administracion-de-fincas\/#primaryimage\"},\"thumbnailUrl\":\"https:\/\/finquescatalonia.cat\/wp-content\/uploads\/2025\/02\/pexels-photo-7979432-1024x683.webp\",\"datePublished\":\"2025-02-05T10:26:03+00:00\",\"dateModified\":\"2025-04-10T08:39:28+00:00\",\"description\":\"Servicio completo para la gesti\u00f3n de comunidades de propietarios, garantizando una administraci\u00f3n de fincas eficiente y transparente.\",\"breadcrumb\":{\"@id\":\"https:\/\/finquescatalonia.cat\/es\/administracion-de-fincas\/#breadcrumb\"},\"inLanguage\":\"es\",\"potentialAction\":[{\"@type\":\"ReadAction\",\"target\":[\"https:\/\/finquescatalonia.cat\/es\/administracion-de-fincas\/\"]}]},{\"@type\":\"ImageObject\",\"inLanguage\":\"es\",\"@id\":\"https:\/\/finquescatalonia.cat\/es\/administracion-de-fincas\/#primaryimage\",\"url\":\"https:\/\/finquescatalonia.cat\/wp-content\/uploads\/2025\/02\/pexels-photo-7979432-1024x683.webp\",\"contentUrl\":\"https:\/\/finquescatalonia.cat\/wp-content\/uploads\/2025\/02\/pexels-photo-7979432-1024x683.webp\"},{\"@type\":\"BreadcrumbList\",\"@id\":\"https:\/\/finquescatalonia.cat\/es\/administracion-de-fincas\/#breadcrumb\",\"itemListElement\":[{\"@type\":\"ListItem\",\"position\":1,\"name\":\"Inici\",\"item\":\"https:\/\/finquescatalonia.cat\/es\/inicio\/\"},{\"@type\":\"ListItem\",\"position\":2,\"name\":\"Administraci\u00f3n de fincas\"}]},{\"@type\":\"WebSite\",\"@id\":\"https:\/\/finquescatalonia.cat\/#website\",\"url\":\"https:\/\/finquescatalonia.cat\/\",\"name\":\"Finques Catalonia\",\"description\":\"\",\"potentialAction\":[{\"@type\":\"SearchAction\",\"target\":{\"@type\":\"EntryPoint\",\"urlTemplate\":\"https:\/\/finquescatalonia.cat\/?s={search_term_string}\"},\"query-input\":{\"@type\":\"PropertyValueSpecification\",\"valueRequired\":true,\"valueName\":\"search_term_string\"}}],\"inLanguage\":\"es\"}]}<\/script>\n<!-- \/ Yoast SEO plugin. -->","yoast_head_json":{"title":"Administraci\u00f3n de fincas - Finques Catalonia","description":"Servicio completo para la gesti\u00f3n de comunidades de propietarios, garantizando una administraci\u00f3n de fincas eficiente y transparente.","robots":{"index":"index","follow":"follow","max-snippet":"max-snippet:-1","max-image-preview":"max-image-preview:large","max-video-preview":"max-video-preview:-1"},"canonical":"https:\/\/finquescatalonia.cat\/es\/administracion-de-fincas\/","og_locale":"es_ES","og_type":"article","og_title":"Administraci\u00f3n de fincas - Finques Catalonia","og_description":"Servicio completo para la gesti\u00f3n de comunidades de propietarios, garantizando una administraci\u00f3n de fincas eficiente y transparente.","og_url":"https:\/\/finquescatalonia.cat\/es\/administracion-de-fincas\/","og_site_name":"Finques Catalonia","article_modified_time":"2025-04-10T08:39:28+00:00","og_image":[{"width":1125,"height":750,"url":"https:\/\/finquescatalonia.cat\/wp-content\/uploads\/2025\/02\/pexels-photo-7979432.webp","type":"image\/webp"}],"twitter_card":"summary_large_image","twitter_misc":{"Tiempo de lectura":"1 minuto"},"schema":{"@context":"https:\/\/schema.org","@graph":[{"@type":"WebPage","@id":"https:\/\/finquescatalonia.cat\/es\/administracion-de-fincas\/","url":"https:\/\/finquescatalonia.cat\/es\/administracion-de-fincas\/","name":"Administraci\u00f3n de fincas - Finques Catalonia","isPartOf":{"@id":"https:\/\/finquescatalonia.cat\/#website"},"primaryImageOfPage":{"@id":"https:\/\/finquescatalonia.cat\/es\/administracion-de-fincas\/#primaryimage"},"image":{"@id":"https:\/\/finquescatalonia.cat\/es\/administracion-de-fincas\/#primaryimage"},"thumbnailUrl":"https:\/\/finquescatalonia.cat\/wp-content\/uploads\/2025\/02\/pexels-photo-7979432-1024x683.webp","datePublished":"2025-02-05T10:26:03+00:00","dateModified":"2025-04-10T08:39:28+00:00","description":"Servicio completo para la gesti\u00f3n de comunidades de propietarios, garantizando una administraci\u00f3n de fincas eficiente y transparente.","breadcrumb":{"@id":"https:\/\/finquescatalonia.cat\/es\/administracion-de-fincas\/#breadcrumb"},"inLanguage":"es","potentialAction":[{"@type":"ReadAction","target":["https:\/\/finquescatalonia.cat\/es\/administracion-de-fincas\/"]}]},{"@type":"ImageObject","inLanguage":"es","@id":"https:\/\/finquescatalonia.cat\/es\/administracion-de-fincas\/#primaryimage","url":"https:\/\/finquescatalonia.cat\/wp-content\/uploads\/2025\/02\/pexels-photo-7979432-1024x683.webp","contentUrl":"https:\/\/finquescatalonia.cat\/wp-content\/uploads\/2025\/02\/pexels-photo-7979432-1024x683.webp"},{"@type":"BreadcrumbList","@id":"https:\/\/finquescatalonia.cat\/es\/administracion-de-fincas\/#breadcrumb","itemListElement":[{"@type":"ListItem","position":1,"name":"Inici","item":"https:\/\/finquescatalonia.cat\/es\/inicio\/"},{"@type":"ListItem","position":2,"name":"Administraci\u00f3n de fincas"}]},{"@type":"WebSite","@id":"https:\/\/finquescatalonia.cat\/#website","url":"https:\/\/finquescatalonia.cat\/","name":"Finques Catalonia","description":"","potentialAction":[{"@type":"SearchAction","target":{"@type":"EntryPoint","urlTemplate":"https:\/\/finquescatalonia.cat\/?s={search_term_string}"},"query-input":{"@type":"PropertyValueSpecification","valueRequired":true,"valueName":"search_term_string"}}],"inLanguage":"es"}]}},"_links":{"self":[{"href":"https:\/\/finquescatalonia.cat\/es\/wp-json\/wp\/v2\/pages\/1157","targetHints":{"allow":["GET"]}}],"collection":[{"href":"https:\/\/finquescatalonia.cat\/es\/wp-json\/wp\/v2\/pages"}],"about":[{"href":"https:\/\/finquescatalonia.cat\/es\/wp-json\/wp\/v2\/types\/page"}],"author":[{"embeddable":true,"href":"https:\/\/finquescatalonia.cat\/es\/wp-json\/wp\/v2\/users\/1"}],"replies":[{"embeddable":true,"href":"https:\/\/finquescatalonia.cat\/es\/wp-json\/wp\/v2\/comments?post=1157"}],"version-history":[{"count":7,"href":"https:\/\/finquescatalonia.cat\/es\/wp-json\/wp\/v2\/pages\/1157\/revisions"}],"predecessor-version":[{"id":1480,"href":"https:\/\/finquescatalonia.cat\/es\/wp-json\/wp\/v2\/pages\/1157\/revisions\/1480"}],"wp:attachment":[{"href":"https:\/\/finquescatalonia.cat\/es\/wp-json\/wp\/v2\/media?parent=1157"}],"curies":[{"name":"wp","href":"https:\/\/api.w.org\/{rel}","templated":true}]}}