{"id":1212,"date":"2025-02-04T12:27:45","date_gmt":"2025-02-04T12:27:45","guid":{"rendered":"https:\/\/finquescatalonia.cat\/gestion-de-alquileres\/"},"modified":"2025-04-10T08:43:57","modified_gmt":"2025-04-10T08:43:57","slug":"gestion-de-alquileres","status":"publish","type":"page","link":"https:\/\/finquescatalonia.cat\/es\/gestion-de-alquileres\/","title":{"rendered":"Gesti\u00f3n de alquileres"},"content":{"rendered":"\t\t<div data-elementor-type=\"wp-post\" data-elementor-id=\"1212\" class=\"elementor elementor-1212 elementor-27\" data-elementor-post-type=\"page\">\n\t\t\t\t<div class=\"elementor-element elementor-element-53300af e-con-full e-flex e-con e-parent\" data-id=\"53300af\" data-element_type=\"container\" data-e-type=\"container\" data-settings=\"{&quot;background_background&quot;:&quot;classic&quot;}\">\n\t\t<div class=\"elementor-element elementor-element-941c2a0 e-flex e-con-boxed e-con e-child\" data-id=\"941c2a0\" data-element_type=\"container\" data-e-type=\"container\" data-settings=\"{&quot;background_background&quot;:&quot;classic&quot;}\">\n\t\t\t\t\t<div class=\"e-con-inner\">\n\t\t\t\t<div class=\"elementor-element elementor-element-612700d elementor-invisible elementor-widget elementor-widget-heading\" data-id=\"612700d\" data-element_type=\"widget\" data-e-type=\"widget\" data-settings=\"{&quot;_animation&quot;:&quot;fadeInLeft&quot;}\" data-widget_type=\"heading.default\">\n\t\t\t\t<div class=\"elementor-widget-container\">\n\t\t\t\t\t<h2 class=\"elementor-heading-title elementor-size-default\">Gesti\u00f3n de alquileres<\/h2>\t\t\t\t<\/div>\n\t\t\t\t<\/div>\n\t\t\t\t\t<\/div>\n\t\t\t\t<\/div>\n\t\t<div class=\"elementor-element elementor-element-55845c9 e-flex e-con-boxed e-con e-child\" data-id=\"55845c9\" data-element_type=\"container\" data-e-type=\"container\">\n\t\t\t\t\t<div class=\"e-con-inner\">\n\t\t<div class=\"elementor-element elementor-element-679cc53 e-con-full e-flex elementor-invisible e-con e-child\" data-id=\"679cc53\" data-element_type=\"container\" data-e-type=\"container\" data-settings=\"{&quot;background_background&quot;:&quot;classic&quot;,&quot;animation&quot;:&quot;fadeInUp&quot;}\">\n\t\t\t\t<div class=\"elementor-element elementor-element-ec9274a elementor-widget__width-initial elementor-widget elementor-widget-image\" data-id=\"ec9274a\" data-element_type=\"widget\" data-e-type=\"widget\" data-widget_type=\"image.default\">\n\t\t\t\t<div class=\"elementor-widget-container\">\n\t\t\t\t\t\t\t\t\t\t\t\t\t\t\t<img fetchpriority=\"high\" decoding=\"async\" width=\"800\" height=\"534\" src=\"https:\/\/finquescatalonia.cat\/wp-content\/uploads\/2025\/02\/pexels-photo-7654591-1024x684.jpeg\" class=\"attachment-large size-large wp-image-1148\" alt=\"\" srcset=\"https:\/\/finquescatalonia.cat\/wp-content\/uploads\/2025\/02\/pexels-photo-7654591-1024x684.jpeg 1024w, https:\/\/finquescatalonia.cat\/wp-content\/uploads\/2025\/02\/pexels-photo-7654591-300x200.jpeg 300w, https:\/\/finquescatalonia.cat\/wp-content\/uploads\/2025\/02\/pexels-photo-7654591-768x513.jpeg 768w, https:\/\/finquescatalonia.cat\/wp-content\/uploads\/2025\/02\/pexels-photo-7654591.jpeg 1123w\" sizes=\"(max-width: 800px) 100vw, 800px\" \/>\t\t\t\t\t\t\t\t\t\t\t\t\t\t\t<\/div>\n\t\t\t\t<\/div>\n\t\t<div class=\"elementor-element elementor-element-310aa36 e-con-full e-flex e-con e-child\" data-id=\"310aa36\" data-element_type=\"container\" data-e-type=\"container\">\n\t\t\t\t<div class=\"elementor-element elementor-element-143978e elementor-widget elementor-widget-heading\" data-id=\"143978e\" data-element_type=\"widget\" data-e-type=\"widget\" data-widget_type=\"heading.default\">\n\t\t\t\t<div class=\"elementor-widget-container\">\n\t\t\t\t\t<h2 class=\"elementor-heading-title elementor-size-default\">En Assessoria i Finques Catalonia somos expertos en gesti\u00f3n de alquileres. Nos ocupamos de la gesti\u00f3n integral de su inmueble para garantizar la m\u00e1xima rentabilidad y seguridad.\nOfrecemos servicios de an\u00e1lisis y gesti\u00f3n de alquileres, tramitaciones legales, difusi\u00f3n y selecci\u00f3n de inquilinos, cobro y control de pagos, gesti\u00f3n econ\u00f3mica y fiscal, actualizaci\u00f3n de rentas y asesoramiento en seguros y mantenimiento. Con un equipo especializado, aseguramos una administraci\u00f3n eficiente y sin preocupaciones.<\/h2>\t\t\t\t<\/div>\n\t\t\t\t<\/div>\n\t\t\t\t<div class=\"elementor-element elementor-element-89a8133 elementor-align-left elementor-widget elementor-widget-button\" data-id=\"89a8133\" data-element_type=\"widget\" data-e-type=\"widget\" data-widget_type=\"button.default\">\n\t\t\t\t<div class=\"elementor-widget-container\">\n\t\t\t\t\t\t\t\t\t<div class=\"elementor-button-wrapper\">\n\t\t\t\t\t<a class=\"elementor-button elementor-button-link elementor-size-sm\" href=\"#contact\">\n\t\t\t\t\t\t<span class=\"elementor-button-content-wrapper\">\n\t\t\t\t\t\t\t\t\t<span class=\"elementor-button-text\">PONTE EN CONTACTO<\/span>\n\t\t\t\t\t<\/span>\n\t\t\t\t\t<\/a>\n\t\t\t\t<\/div>\n\t\t\t\t\t\t\t\t<\/div>\n\t\t\t\t<\/div>\n\t\t\t\t<\/div>\n\t\t\t\t<\/div>\n\t\t\t\t\t<\/div>\n\t\t\t\t<\/div>\n\t\t<div class=\"elementor-element elementor-element-922596a e-flex e-con-boxed e-con e-child\" data-id=\"922596a\" data-element_type=\"container\" data-e-type=\"container\">\n\t\t\t\t\t<div class=\"e-con-inner\">\n\t\t<div class=\"elementor-element elementor-element-566395f e-con-full e-flex e-con e-child\" data-id=\"566395f\" data-element_type=\"container\" data-e-type=\"container\">\n\t\t<div class=\"elementor-element elementor-element-d960b8a e-con-full e-flex elementor-invisible e-con e-child\" data-id=\"d960b8a\" data-element_type=\"container\" data-e-type=\"container\" data-settings=\"{&quot;background_background&quot;:&quot;classic&quot;,&quot;animation&quot;:&quot;fadeInUp&quot;}\">\n\t\t\t\t<div class=\"elementor-element elementor-element-5e086fa elementor-widget elementor-widget-heading\" data-id=\"5e086fa\" data-element_type=\"widget\" data-e-type=\"widget\" data-widget_type=\"heading.default\">\n\t\t\t\t<div class=\"elementor-widget-container\">\n\t\t\t\t\t<h2 class=\"elementor-heading-title elementor-size-default\">An\u00e1lisis y Gesti\u00f3n del Inmueble<\/h2>\t\t\t\t<\/div>\n\t\t\t\t<\/div>\n\t\t\t\t<div class=\"elementor-element elementor-element-e62648c elementor-widget elementor-widget-text-editor\" data-id=\"e62648c\" data-element_type=\"widget\" data-e-type=\"widget\" data-widget_type=\"text-editor.default\">\n\t\t\t\t<div class=\"elementor-widget-container\">\n\t\t\t\t\t\t\t\t\t<p>Conocimiento del producto, an\u00e1lisis de su estado y situaci\u00f3n.<\/p><p>Estudio de la mejor y mayor rentabilidad.<\/p>\t\t\t\t\t\t\t\t<\/div>\n\t\t\t\t<\/div>\n\t\t\t\t<\/div>\n\t\t<div class=\"elementor-element elementor-element-c77238f e-con-full e-flex elementor-invisible e-con e-child\" data-id=\"c77238f\" data-element_type=\"container\" data-e-type=\"container\" data-settings=\"{&quot;background_background&quot;:&quot;classic&quot;,&quot;animation&quot;:&quot;fadeInUp&quot;}\">\n\t\t\t\t<div class=\"elementor-element elementor-element-ed93d19 elementor-widget elementor-widget-heading\" data-id=\"ed93d19\" data-element_type=\"widget\" data-e-type=\"widget\" data-widget_type=\"heading.default\">\n\t\t\t\t<div class=\"elementor-widget-container\">\n\t\t\t\t\t<h2 class=\"elementor-heading-title elementor-size-default\">Tramitaciones Legales y Administrativas<\/h2>\t\t\t\t<\/div>\n\t\t\t\t<\/div>\n\t\t\t\t<div class=\"elementor-element elementor-element-f7efbfb elementor-widget elementor-widget-text-editor\" data-id=\"f7efbfb\" data-element_type=\"widget\" data-e-type=\"widget\" data-widget_type=\"text-editor.default\">\n\t\t\t\t<div class=\"elementor-widget-container\">\n\t\t\t\t\t\t\t\t\t<p>Tramitaci\u00f3n de la c\u00e9dula de habitabilidad.<\/p><p>Formalizaci\u00f3n de contratos de arrendamiento con cl\u00e1usulas adecuadas.<\/p><p>Gesti\u00f3n de las fianzas ante el Instituto Catal\u00e1n del Suelo.<\/p>\t\t\t\t\t\t\t\t<\/div>\n\t\t\t\t<\/div>\n\t\t\t\t<\/div>\n\t\t<div class=\"elementor-element elementor-element-2eb9ae6 e-con-full e-flex elementor-invisible e-con e-child\" data-id=\"2eb9ae6\" data-element_type=\"container\" data-e-type=\"container\" data-settings=\"{&quot;background_background&quot;:&quot;classic&quot;,&quot;animation&quot;:&quot;fadeInUp&quot;}\">\n\t\t\t\t<div class=\"elementor-element elementor-element-89051aa elementor-widget elementor-widget-heading\" data-id=\"89051aa\" data-element_type=\"widget\" data-e-type=\"widget\" data-widget_type=\"heading.default\">\n\t\t\t\t<div class=\"elementor-widget-container\">\n\t\t\t\t\t<h2 class=\"elementor-heading-title elementor-size-default\">Difusi\u00f3n y Captaci\u00f3n de Inquilinos<\/h2>\t\t\t\t<\/div>\n\t\t\t\t<\/div>\n\t\t\t\t<div class=\"elementor-element elementor-element-79f1e3b elementor-widget elementor-widget-text-editor\" data-id=\"79f1e3b\" data-element_type=\"widget\" data-e-type=\"widget\" data-widget_type=\"text-editor.default\">\n\t\t\t\t<div class=\"elementor-widget-container\">\n\t\t\t\t\t\t\t\t\t<p>Publicaci\u00f3n de la oferta por los canales m\u00e1s adecuados.<\/p><p>Selecci\u00f3n exhaustiva de inquilinos con informes personales y econ\u00f3micos.<\/p>\t\t\t\t\t\t\t\t<\/div>\n\t\t\t\t<\/div>\n\t\t\t\t<\/div>\n\t\t<div class=\"elementor-element elementor-element-da2f005 e-con-full e-flex elementor-invisible e-con e-child\" data-id=\"da2f005\" data-element_type=\"container\" data-e-type=\"container\" data-settings=\"{&quot;background_background&quot;:&quot;classic&quot;,&quot;animation&quot;:&quot;fadeInUp&quot;}\">\n\t\t\t\t<div class=\"elementor-element elementor-element-73191ba elementor-widget elementor-widget-heading\" data-id=\"73191ba\" data-element_type=\"widget\" data-e-type=\"widget\" data-widget_type=\"heading.default\">\n\t\t\t\t<div class=\"elementor-widget-container\">\n\t\t\t\t\t<h2 class=\"elementor-heading-title elementor-size-default\">Control y Cobro de Alquileres<\/h2>\t\t\t\t<\/div>\n\t\t\t\t<\/div>\n\t\t\t\t<div class=\"elementor-element elementor-element-8f94584 elementor-widget elementor-widget-text-editor\" data-id=\"8f94584\" data-element_type=\"widget\" data-e-type=\"widget\" data-widget_type=\"text-editor.default\">\n\t\t\t\t<div class=\"elementor-widget-container\">\n\t\t\t\t\t\t\t\t\t<p>Cobro de alquileres.<\/p><p>Seguimiento especial de morosos.<\/p>\t\t\t\t\t\t\t\t<\/div>\n\t\t\t\t<\/div>\n\t\t\t\t<\/div>\n\t\t<div class=\"elementor-element elementor-element-dd626a4 e-con-full e-flex elementor-invisible e-con e-child\" data-id=\"dd626a4\" data-element_type=\"container\" data-e-type=\"container\" data-settings=\"{&quot;background_background&quot;:&quot;classic&quot;,&quot;animation&quot;:&quot;fadeInUp&quot;}\">\n\t\t\t\t<div class=\"elementor-element elementor-element-7422864 elementor-widget elementor-widget-heading\" data-id=\"7422864\" data-element_type=\"widget\" data-e-type=\"widget\" data-widget_type=\"heading.default\">\n\t\t\t\t<div class=\"elementor-widget-container\">\n\t\t\t\t\t<h2 class=\"elementor-heading-title elementor-size-default\">Gesti\u00f3n Econ\u00f3mica y Fiscal<\/h2>\t\t\t\t<\/div>\n\t\t\t\t<\/div>\n\t\t\t\t<div class=\"elementor-element elementor-element-92e24e7 elementor-widget elementor-widget-text-editor\" data-id=\"92e24e7\" data-element_type=\"widget\" data-e-type=\"widget\" data-widget_type=\"text-editor.default\">\n\t\t\t\t<div class=\"elementor-widget-container\">\n\t\t\t\t\t\t\t\t\t<p>Pago de impuestos, grav\u00e1menes y servicios.<\/p>\n<p>Presentaci\u00f3n puntual de la liquidaci\u00f3n a la propiedad.<\/p>\n<p>Tramitaci\u00f3n y complementaci\u00f3n de las declaraciones tributarias.<\/p>\n<p>Facilitaci\u00f3n de datos fiscales para la declaraci\u00f3n de renta.<\/p>\t\t\t\t\t\t\t\t<\/div>\n\t\t\t\t<\/div>\n\t\t\t\t<\/div>\n\t\t<div class=\"elementor-element elementor-element-9a0f46f e-con-full e-flex elementor-invisible e-con e-child\" data-id=\"9a0f46f\" data-element_type=\"container\" data-e-type=\"container\" data-settings=\"{&quot;background_background&quot;:&quot;classic&quot;,&quot;animation&quot;:&quot;fadeInUp&quot;}\">\n\t\t\t\t<div class=\"elementor-element elementor-element-721658f elementor-widget elementor-widget-heading\" data-id=\"721658f\" data-element_type=\"widget\" data-e-type=\"widget\" data-widget_type=\"heading.default\">\n\t\t\t\t<div class=\"elementor-widget-container\">\n\t\t\t\t\t<h2 class=\"elementor-heading-title elementor-size-default\">Control y Actualizaci\u00f3n de Rentas<\/h2>\t\t\t\t<\/div>\n\t\t\t\t<\/div>\n\t\t\t\t<div class=\"elementor-element elementor-element-340c0fb elementor-widget elementor-widget-text-editor\" data-id=\"340c0fb\" data-element_type=\"widget\" data-e-type=\"widget\" data-widget_type=\"text-editor.default\">\n\t\t\t\t<div class=\"elementor-widget-container\">\n\t\t\t\t\t\t\t\t\t<p>Control y aplicaci\u00f3n de incrementos de renta y repercusiones legales.<\/p><p>Atenci\u00f3n al vencimiento de los contratos y estudio de su renovaci\u00f3n.<\/p>\t\t\t\t\t\t\t\t<\/div>\n\t\t\t\t<\/div>\n\t\t\t\t<\/div>\n\t\t<div class=\"elementor-element elementor-element-e06f974 e-con-full e-flex elementor-invisible e-con e-child\" data-id=\"e06f974\" data-element_type=\"container\" data-e-type=\"container\" data-settings=\"{&quot;background_background&quot;:&quot;classic&quot;,&quot;animation&quot;:&quot;fadeInUp&quot;}\">\n\t\t\t\t<div class=\"elementor-element elementor-element-28f0b9f elementor-widget elementor-widget-heading\" data-id=\"28f0b9f\" data-element_type=\"widget\" data-e-type=\"widget\" data-widget_type=\"heading.default\">\n\t\t\t\t<div class=\"elementor-widget-container\">\n\t\t\t\t\t<h2 class=\"elementor-heading-title elementor-size-default\">Seguros y Protecci\u00f3n del Inmueble<\/h2>\t\t\t\t<\/div>\n\t\t\t\t<\/div>\n\t\t\t\t<div class=\"elementor-element elementor-element-272209d elementor-widget elementor-widget-text-editor\" data-id=\"272209d\" data-element_type=\"widget\" data-e-type=\"widget\" data-widget_type=\"text-editor.default\">\n\t\t\t\t<div class=\"elementor-widget-container\">\n\t\t\t\t\t\t\t\t\tContrataci\u00f3n de seguros con estudio de los riesgos cubiertos.\n\t\t\t\t\t\t\t\t<\/div>\n\t\t\t\t<\/div>\n\t\t\t\t<\/div>\n\t\t<div class=\"elementor-element elementor-element-bd394f6 e-con-full e-flex elementor-invisible e-con e-child\" data-id=\"bd394f6\" data-element_type=\"container\" data-e-type=\"container\" data-settings=\"{&quot;background_background&quot;:&quot;classic&quot;,&quot;animation&quot;:&quot;fadeInUp&quot;}\">\n\t\t\t\t<div class=\"elementor-element elementor-element-6ab33fe elementor-widget elementor-widget-heading\" data-id=\"6ab33fe\" data-element_type=\"widget\" data-e-type=\"widget\" data-widget_type=\"heading.default\">\n\t\t\t\t<div class=\"elementor-widget-container\">\n\t\t\t\t\t<h2 class=\"elementor-heading-title elementor-size-default\">Asesoramiento y Mantenimiento<\/h2>\t\t\t\t<\/div>\n\t\t\t\t<\/div>\n\t\t\t\t<div class=\"elementor-element elementor-element-8dc426b elementor-widget elementor-widget-text-editor\" data-id=\"8dc426b\" data-element_type=\"widget\" data-e-type=\"widget\" data-widget_type=\"text-editor.default\">\n\t\t\t\t<div class=\"elementor-widget-container\">\n\t\t\t\t\t\t\t\t\t<p>Asesoramiento en conservaci\u00f3n, mantenimiento y reformas para incrementar el valor de los bienes.<\/p><p>Asesoramiento y gesti\u00f3n jur\u00eddica.<\/p><p>Traspasos.<\/p>\t\t\t\t\t\t\t\t<\/div>\n\t\t\t\t<\/div>\n\t\t\t\t<\/div>\n\t\t\t\t<\/div>\n\t\t\t\t\t<\/div>\n\t\t\t\t<\/div>\n\t\t\t\t<\/div>\n\t\t\t\t<\/div>\n\t\t","protected":false},"excerpt":{"rendered":"<p>Gesti\u00f3n de alquileres En Assessoria i Finques Catalonia somos expertos en gesti\u00f3n de alquileres. Nos ocupamos de la gesti\u00f3n integral de su inmueble para garantizar la m\u00e1xima rentabilidad y seguridad. Ofrecemos servicios de an\u00e1lisis y gesti\u00f3n de alquileres, tramitaciones legales, difusi\u00f3n y selecci\u00f3n de inquilinos, cobro y control de pagos, gesti\u00f3n econ\u00f3mica y fiscal, actualizaci\u00f3n [&hellip;]<\/p>\n","protected":false},"author":1,"featured_media":0,"parent":0,"menu_order":0,"comment_status":"closed","ping_status":"closed","template":"","meta":{"footnotes":""},"class_list":["post-1212","page","type-page","status-publish","hentry"],"yoast_head":"<!-- This site is optimized with the Yoast SEO plugin v27.6 - https:\/\/yoast.com\/product\/yoast-seo-wordpress\/ -->\n<title>Gesti\u00f3n de alquileres - Finques Catalonia<\/title>\n<meta name=\"description\" content=\"Expertos en gesti\u00f3n de alquileres. Nos ocupamos de la gesti\u00f3n integral de su inmueble para garantizar la m\u00e1xima rentabilidad y seguridad.\" \/>\n<meta name=\"robots\" content=\"index, follow, max-snippet:-1, max-image-preview:large, max-video-preview:-1\" \/>\n<link rel=\"canonical\" href=\"https:\/\/finquescatalonia.cat\/es\/gestion-de-alquileres\/\" \/>\n<meta property=\"og:locale\" content=\"es_ES\" \/>\n<meta property=\"og:type\" content=\"article\" \/>\n<meta property=\"og:title\" content=\"Gesti\u00f3n de alquileres - Finques Catalonia\" \/>\n<meta property=\"og:description\" content=\"Expertos en gesti\u00f3n de alquileres. Nos ocupamos de la gesti\u00f3n integral de su inmueble para garantizar la m\u00e1xima rentabilidad y seguridad.\" \/>\n<meta property=\"og:url\" content=\"https:\/\/finquescatalonia.cat\/es\/gestion-de-alquileres\/\" \/>\n<meta property=\"og:site_name\" content=\"Finques Catalonia\" \/>\n<meta property=\"article:modified_time\" content=\"2025-04-10T08:43:57+00:00\" \/>\n<meta property=\"og:image\" content=\"https:\/\/finquescatalonia.cat\/wp-content\/uploads\/2025\/02\/pexels-photo-7654591.jpeg\" \/>\n\t<meta property=\"og:image:width\" content=\"1123\" \/>\n\t<meta property=\"og:image:height\" content=\"750\" \/>\n\t<meta property=\"og:image:type\" content=\"image\/jpeg\" \/>\n<meta name=\"twitter:card\" content=\"summary_large_image\" \/>\n<meta name=\"twitter:label1\" content=\"Tiempo de lectura\" \/>\n\t<meta name=\"twitter:data1\" content=\"2 minutos\" \/>\n<script type=\"application\/ld+json\" class=\"yoast-schema-graph\">{\"@context\":\"https:\\\/\\\/schema.org\",\"@graph\":[{\"@type\":\"WebPage\",\"@id\":\"https:\\\/\\\/finquescatalonia.cat\\\/es\\\/gestion-de-alquileres\\\/\",\"url\":\"https:\\\/\\\/finquescatalonia.cat\\\/es\\\/gestion-de-alquileres\\\/\",\"name\":\"Gesti\u00f3n de alquileres - Finques Catalonia\",\"isPartOf\":{\"@id\":\"https:\\\/\\\/finquescatalonia.cat\\\/#website\"},\"primaryImageOfPage\":{\"@id\":\"https:\\\/\\\/finquescatalonia.cat\\\/es\\\/gestion-de-alquileres\\\/#primaryimage\"},\"image\":{\"@id\":\"https:\\\/\\\/finquescatalonia.cat\\\/es\\\/gestion-de-alquileres\\\/#primaryimage\"},\"thumbnailUrl\":\"https:\\\/\\\/finquescatalonia.cat\\\/wp-content\\\/uploads\\\/2025\\\/02\\\/pexels-photo-7654591-1024x684.jpeg\",\"datePublished\":\"2025-02-04T12:27:45+00:00\",\"dateModified\":\"2025-04-10T08:43:57+00:00\",\"description\":\"Expertos en gesti\u00f3n de alquileres. Nos ocupamos de la gesti\u00f3n integral de su inmueble para garantizar la m\u00e1xima rentabilidad y seguridad.\",\"breadcrumb\":{\"@id\":\"https:\\\/\\\/finquescatalonia.cat\\\/es\\\/gestion-de-alquileres\\\/#breadcrumb\"},\"inLanguage\":\"es\",\"potentialAction\":[{\"@type\":\"ReadAction\",\"target\":[\"https:\\\/\\\/finquescatalonia.cat\\\/es\\\/gestion-de-alquileres\\\/\"]}]},{\"@type\":\"ImageObject\",\"inLanguage\":\"es\",\"@id\":\"https:\\\/\\\/finquescatalonia.cat\\\/es\\\/gestion-de-alquileres\\\/#primaryimage\",\"url\":\"https:\\\/\\\/finquescatalonia.cat\\\/wp-content\\\/uploads\\\/2025\\\/02\\\/pexels-photo-7654591-1024x684.jpeg\",\"contentUrl\":\"https:\\\/\\\/finquescatalonia.cat\\\/wp-content\\\/uploads\\\/2025\\\/02\\\/pexels-photo-7654591-1024x684.jpeg\"},{\"@type\":\"BreadcrumbList\",\"@id\":\"https:\\\/\\\/finquescatalonia.cat\\\/es\\\/gestion-de-alquileres\\\/#breadcrumb\",\"itemListElement\":[{\"@type\":\"ListItem\",\"position\":1,\"name\":\"Inici\",\"item\":\"https:\\\/\\\/finquescatalonia.cat\\\/es\\\/inicio\\\/\"},{\"@type\":\"ListItem\",\"position\":2,\"name\":\"Gesti\u00f3n de alquileres\"}]},{\"@type\":\"WebSite\",\"@id\":\"https:\\\/\\\/finquescatalonia.cat\\\/#website\",\"url\":\"https:\\\/\\\/finquescatalonia.cat\\\/\",\"name\":\"Finques Catalonia\",\"description\":\"\",\"potentialAction\":[{\"@type\":\"SearchAction\",\"target\":{\"@type\":\"EntryPoint\",\"urlTemplate\":\"https:\\\/\\\/finquescatalonia.cat\\\/?s={search_term_string}\"},\"query-input\":{\"@type\":\"PropertyValueSpecification\",\"valueRequired\":true,\"valueName\":\"search_term_string\"}}],\"inLanguage\":\"es\"}]}<\/script>\n<!-- \/ Yoast SEO plugin. -->","yoast_head_json":{"title":"Gesti\u00f3n de alquileres - Finques Catalonia","description":"Expertos en gesti\u00f3n de alquileres. Nos ocupamos de la gesti\u00f3n integral de su inmueble para garantizar la m\u00e1xima rentabilidad y seguridad.","robots":{"index":"index","follow":"follow","max-snippet":"max-snippet:-1","max-image-preview":"max-image-preview:large","max-video-preview":"max-video-preview:-1"},"canonical":"https:\/\/finquescatalonia.cat\/es\/gestion-de-alquileres\/","og_locale":"es_ES","og_type":"article","og_title":"Gesti\u00f3n de alquileres - Finques Catalonia","og_description":"Expertos en gesti\u00f3n de alquileres. Nos ocupamos de la gesti\u00f3n integral de su inmueble para garantizar la m\u00e1xima rentabilidad y seguridad.","og_url":"https:\/\/finquescatalonia.cat\/es\/gestion-de-alquileres\/","og_site_name":"Finques Catalonia","article_modified_time":"2025-04-10T08:43:57+00:00","og_image":[{"width":1123,"height":750,"url":"https:\/\/finquescatalonia.cat\/wp-content\/uploads\/2025\/02\/pexels-photo-7654591.jpeg","type":"image\/jpeg"}],"twitter_card":"summary_large_image","twitter_misc":{"Tiempo de lectura":"2 minutos"},"schema":{"@context":"https:\/\/schema.org","@graph":[{"@type":"WebPage","@id":"https:\/\/finquescatalonia.cat\/es\/gestion-de-alquileres\/","url":"https:\/\/finquescatalonia.cat\/es\/gestion-de-alquileres\/","name":"Gesti\u00f3n de alquileres - Finques Catalonia","isPartOf":{"@id":"https:\/\/finquescatalonia.cat\/#website"},"primaryImageOfPage":{"@id":"https:\/\/finquescatalonia.cat\/es\/gestion-de-alquileres\/#primaryimage"},"image":{"@id":"https:\/\/finquescatalonia.cat\/es\/gestion-de-alquileres\/#primaryimage"},"thumbnailUrl":"https:\/\/finquescatalonia.cat\/wp-content\/uploads\/2025\/02\/pexels-photo-7654591-1024x684.jpeg","datePublished":"2025-02-04T12:27:45+00:00","dateModified":"2025-04-10T08:43:57+00:00","description":"Expertos en gesti\u00f3n de alquileres. Nos ocupamos de la gesti\u00f3n integral de su inmueble para garantizar la m\u00e1xima rentabilidad y seguridad.","breadcrumb":{"@id":"https:\/\/finquescatalonia.cat\/es\/gestion-de-alquileres\/#breadcrumb"},"inLanguage":"es","potentialAction":[{"@type":"ReadAction","target":["https:\/\/finquescatalonia.cat\/es\/gestion-de-alquileres\/"]}]},{"@type":"ImageObject","inLanguage":"es","@id":"https:\/\/finquescatalonia.cat\/es\/gestion-de-alquileres\/#primaryimage","url":"https:\/\/finquescatalonia.cat\/wp-content\/uploads\/2025\/02\/pexels-photo-7654591-1024x684.jpeg","contentUrl":"https:\/\/finquescatalonia.cat\/wp-content\/uploads\/2025\/02\/pexels-photo-7654591-1024x684.jpeg"},{"@type":"BreadcrumbList","@id":"https:\/\/finquescatalonia.cat\/es\/gestion-de-alquileres\/#breadcrumb","itemListElement":[{"@type":"ListItem","position":1,"name":"Inici","item":"https:\/\/finquescatalonia.cat\/es\/inicio\/"},{"@type":"ListItem","position":2,"name":"Gesti\u00f3n de alquileres"}]},{"@type":"WebSite","@id":"https:\/\/finquescatalonia.cat\/#website","url":"https:\/\/finquescatalonia.cat\/","name":"Finques Catalonia","description":"","potentialAction":[{"@type":"SearchAction","target":{"@type":"EntryPoint","urlTemplate":"https:\/\/finquescatalonia.cat\/?s={search_term_string}"},"query-input":{"@type":"PropertyValueSpecification","valueRequired":true,"valueName":"search_term_string"}}],"inLanguage":"es"}]}},"_links":{"self":[{"href":"https:\/\/finquescatalonia.cat\/es\/wp-json\/wp\/v2\/pages\/1212","targetHints":{"allow":["GET"]}}],"collection":[{"href":"https:\/\/finquescatalonia.cat\/es\/wp-json\/wp\/v2\/pages"}],"about":[{"href":"https:\/\/finquescatalonia.cat\/es\/wp-json\/wp\/v2\/types\/page"}],"author":[{"embeddable":true,"href":"https:\/\/finquescatalonia.cat\/es\/wp-json\/wp\/v2\/users\/1"}],"replies":[{"embeddable":true,"href":"https:\/\/finquescatalonia.cat\/es\/wp-json\/wp\/v2\/comments?post=1212"}],"version-history":[{"count":4,"href":"https:\/\/finquescatalonia.cat\/es\/wp-json\/wp\/v2\/pages\/1212\/revisions"}],"predecessor-version":[{"id":1482,"href":"https:\/\/finquescatalonia.cat\/es\/wp-json\/wp\/v2\/pages\/1212\/revisions\/1482"}],"wp:attachment":[{"href":"https:\/\/finquescatalonia.cat\/es\/wp-json\/wp\/v2\/media?parent=1212"}],"curies":[{"name":"wp","href":"https:\/\/api.w.org\/{rel}","templated":true}]}}