{"id":1214,"date":"2025-02-05T10:52:07","date_gmt":"2025-02-05T10:52:07","guid":{"rendered":"https:\/\/finquescatalonia.cat\/gestoria-general\/"},"modified":"2025-04-10T08:48:06","modified_gmt":"2025-04-10T08:48:06","slug":"gestoria-general","status":"publish","type":"page","link":"https:\/\/finquescatalonia.cat\/es\/gestoria-general\/","title":{"rendered":"Gestor\u00eda General\u200b"},"content":{"rendered":"\t\t<div data-elementor-type=\"wp-post\" data-elementor-id=\"1214\" class=\"elementor elementor-1214 elementor-381\" data-elementor-post-type=\"page\">\n\t\t\t\t<div class=\"elementor-element elementor-element-53300af e-con-full e-flex e-con e-parent\" data-id=\"53300af\" data-element_type=\"container\" data-e-type=\"container\" data-settings=\"{&quot;background_background&quot;:&quot;classic&quot;}\">\n\t\t<div class=\"elementor-element elementor-element-941c2a0 e-flex e-con-boxed e-con e-child\" data-id=\"941c2a0\" data-element_type=\"container\" data-e-type=\"container\" data-settings=\"{&quot;background_background&quot;:&quot;classic&quot;}\">\n\t\t\t\t\t<div class=\"e-con-inner\">\n\t\t\t\t<div class=\"elementor-element elementor-element-612700d elementor-invisible elementor-widget elementor-widget-heading\" data-id=\"612700d\" data-element_type=\"widget\" data-e-type=\"widget\" data-settings=\"{&quot;_animation&quot;:&quot;fadeInLeft&quot;}\" data-widget_type=\"heading.default\">\n\t\t\t\t<div class=\"elementor-widget-container\">\n\t\t\t\t\t<h2 class=\"elementor-heading-title elementor-size-default\">Gestor\u00eda General<\/h2>\t\t\t\t<\/div>\n\t\t\t\t<\/div>\n\t\t\t\t\t<\/div>\n\t\t\t\t<\/div>\n\t\t<div class=\"elementor-element elementor-element-8c07206 e-flex e-con-boxed e-con e-child\" data-id=\"8c07206\" data-element_type=\"container\" data-e-type=\"container\">\n\t\t\t\t\t<div class=\"e-con-inner\">\n\t\t<div class=\"elementor-element elementor-element-8225501 e-con-full e-flex elementor-invisible e-con e-child\" data-id=\"8225501\" data-element_type=\"container\" data-e-type=\"container\" data-settings=\"{&quot;background_background&quot;:&quot;classic&quot;,&quot;animation&quot;:&quot;fadeInUp&quot;}\">\n\t\t\t\t<div class=\"elementor-element elementor-element-e612cd3 elementor-widget__width-initial elementor-widget elementor-widget-image\" data-id=\"e612cd3\" data-element_type=\"widget\" data-e-type=\"widget\" data-widget_type=\"image.default\">\n\t\t\t\t<div class=\"elementor-widget-container\">\n\t\t\t\t\t\t\t\t\t\t\t\t\t\t\t<img fetchpriority=\"high\" decoding=\"async\" width=\"800\" height=\"600\" src=\"https:\/\/finquescatalonia.cat\/wp-content\/uploads\/2025\/02\/pexels-photo-288477.webp\" class=\"attachment-large size-large wp-image-1145\" alt=\"\" srcset=\"https:\/\/finquescatalonia.cat\/wp-content\/uploads\/2025\/02\/pexels-photo-288477.webp 1000w, https:\/\/finquescatalonia.cat\/wp-content\/uploads\/2025\/02\/pexels-photo-288477-300x225.webp 300w, https:\/\/finquescatalonia.cat\/wp-content\/uploads\/2025\/02\/pexels-photo-288477-768x576.webp 768w\" sizes=\"(max-width: 800px) 100vw, 800px\" \/>\t\t\t\t\t\t\t\t\t\t\t\t\t\t\t<\/div>\n\t\t\t\t<\/div>\n\t\t<div class=\"elementor-element elementor-element-8ad86b4 e-con-full e-flex e-con e-child\" data-id=\"8ad86b4\" data-element_type=\"container\" data-e-type=\"container\">\n\t\t\t\t<div class=\"elementor-element elementor-element-6033569 elementor-widget__width-initial elementor-widget elementor-widget-heading\" data-id=\"6033569\" data-element_type=\"widget\" data-e-type=\"widget\" data-widget_type=\"heading.default\">\n\t\t\t\t<div class=\"elementor-widget-container\">\n\t\t\t\t\t<h2 class=\"elementor-heading-title elementor-size-default\">En Assessoria i Finques Catalonia, ofrecemos Servicios de Gestor\u00eda especializados compra-venta, escrituras, registros de la propiedad y mercantiles, liquidaci\u00f3n de impuestos, tr\u00e1mites de tr\u00e1fico y gesti\u00f3n de herencias. Nos encargamos de todo el proceso con profesionalidad y transparencia, garantizando una gesti\u00f3n eficiente y segura para su tranquilidad.<\/h2>\t\t\t\t<\/div>\n\t\t\t\t<\/div>\n\t\t\t\t<div class=\"elementor-element elementor-element-c2df87e elementor-align-left elementor-widget elementor-widget-button\" data-id=\"c2df87e\" data-element_type=\"widget\" data-e-type=\"widget\" data-widget_type=\"button.default\">\n\t\t\t\t<div class=\"elementor-widget-container\">\n\t\t\t\t\t\t\t\t\t<div class=\"elementor-button-wrapper\">\n\t\t\t\t\t<a class=\"elementor-button elementor-button-link elementor-size-sm\" href=\"#contact\">\n\t\t\t\t\t\t<span class=\"elementor-button-content-wrapper\">\n\t\t\t\t\t\t\t\t\t<span class=\"elementor-button-text\">PONTE EN CONTACTO<\/span>\n\t\t\t\t\t<\/span>\n\t\t\t\t\t<\/a>\n\t\t\t\t<\/div>\n\t\t\t\t\t\t\t\t<\/div>\n\t\t\t\t<\/div>\n\t\t\t\t<\/div>\n\t\t\t\t<\/div>\n\t\t\t\t\t<\/div>\n\t\t\t\t<\/div>\n\t\t<div class=\"elementor-element elementor-element-404c073 e-flex e-con-boxed elementor-invisible e-con e-child\" data-id=\"404c073\" data-element_type=\"container\" data-e-type=\"container\" data-settings=\"{&quot;animation&quot;:&quot;fadeInUp&quot;}\">\n\t\t\t\t\t<div class=\"e-con-inner\">\n\t\t<div class=\"elementor-element elementor-element-613de89 e-con-full e-flex e-con e-child\" data-id=\"613de89\" data-element_type=\"container\" data-e-type=\"container\" data-settings=\"{&quot;background_background&quot;:&quot;classic&quot;}\">\n\t\t\t\t<div class=\"elementor-element elementor-element-5883d2f elementor-widget elementor-widget-heading\" data-id=\"5883d2f\" data-element_type=\"widget\" data-e-type=\"widget\" data-widget_type=\"heading.default\">\n\t\t\t\t<div class=\"elementor-widget-container\">\n\t\t\t\t\t<h2 class=\"elementor-heading-title elementor-size-default\">Gesti\u00f3n Inmobiliaria y Mercantil<\/h2>\t\t\t\t<\/div>\n\t\t\t\t<\/div>\n\t\t\t\t<div class=\"elementor-element elementor-element-e10963b elementor-widget elementor-widget-text-editor\" data-id=\"e10963b\" data-element_type=\"widget\" data-e-type=\"widget\" data-widget_type=\"text-editor.default\">\n\t\t\t\t<div class=\"elementor-widget-container\">\n\t\t\t\t\t\t\t\t\t<p>Tramitaciones compra-venta.<\/p><p>Tramitaciones de escrituras.<\/p><p>Registros de la Propiedad.<\/p><p>Registros Mercantiles.<\/p>\t\t\t\t\t\t\t\t<\/div>\n\t\t\t\t<\/div>\n\t\t\t\t<\/div>\n\t\t<div class=\"elementor-element elementor-element-db8406c e-con-full e-flex e-con e-child\" data-id=\"db8406c\" data-element_type=\"container\" data-e-type=\"container\" data-settings=\"{&quot;background_background&quot;:&quot;classic&quot;}\">\n\t\t\t\t<div class=\"elementor-element elementor-element-c28a57f elementor-widget elementor-widget-heading\" data-id=\"c28a57f\" data-element_type=\"widget\" data-e-type=\"widget\" data-widget_type=\"heading.default\">\n\t\t\t\t<div class=\"elementor-widget-container\">\n\t\t\t\t\t<h2 class=\"elementor-heading-title elementor-size-default\">Gesti\u00f3n Fiscal y Sucesiones<\/h2>\t\t\t\t<\/div>\n\t\t\t\t<\/div>\n\t\t\t\t<div class=\"elementor-element elementor-element-937b331 elementor-widget elementor-widget-text-editor\" data-id=\"937b331\" data-element_type=\"widget\" data-e-type=\"widget\" data-widget_type=\"text-editor.default\">\n\t\t\t\t<div class=\"elementor-widget-container\">\n\t\t\t\t\t\t\t\t\t<p>Tramitaci\u00f3n y liquidaci\u00f3n de impuestos.<\/p><p>Tramitaciones de tr\u00e1fico.<\/p><p>Herencias.<\/p><p>Impuesto de Sucesiones.<\/p>\t\t\t\t\t\t\t\t<\/div>\n\t\t\t\t<\/div>\n\t\t\t\t<\/div>\n\t\t\t\t\t<\/div>\n\t\t\t\t<\/div>\n\t\t\t\t<\/div>\n\t\t\t\t<\/div>\n\t\t","protected":false},"excerpt":{"rendered":"<p>Gestor\u00eda General En Assessoria i Finques Catalonia, ofrecemos Servicios de Gestor\u00eda especializados compra-venta, escrituras, registros de la propiedad y mercantiles, liquidaci\u00f3n de impuestos, tr\u00e1mites de tr\u00e1fico y gesti\u00f3n de herencias. Nos encargamos de todo el proceso con profesionalidad y transparencia, garantizando una gesti\u00f3n eficiente y segura para su tranquilidad. PONTE EN CONTACTO Gesti\u00f3n Inmobiliaria y [&hellip;]<\/p>\n","protected":false},"author":1,"featured_media":0,"parent":0,"menu_order":0,"comment_status":"closed","ping_status":"closed","template":"","meta":{"footnotes":""},"class_list":["post-1214","page","type-page","status-publish","hentry"],"yoast_head":"<!-- This site is optimized with the Yoast SEO plugin v27.2 - https:\/\/yoast.com\/product\/yoast-seo-wordpress\/ -->\n<title>Gestor\u00eda General\u200b - Finques Catalonia<\/title>\n<meta name=\"description\" content=\"Servicios de Gestor\u00eda: compra-venta, escrituras, registras propiedad y mercantiles, liquidaci\u00f3n de impuestos, tr\u00e1mites de tr\u00e1fico y herencias.\" \/>\n<meta name=\"robots\" content=\"index, follow, max-snippet:-1, max-image-preview:large, max-video-preview:-1\" \/>\n<link rel=\"canonical\" href=\"https:\/\/finquescatalonia.cat\/gestoria-general\/\" \/>\n<meta property=\"og:locale\" content=\"es_ES\" \/>\n<meta property=\"og:type\" content=\"article\" \/>\n<meta property=\"og:title\" content=\"Gestor\u00eda General\u200b - Finques Catalonia\" \/>\n<meta property=\"og:description\" content=\"Servicios de Gestor\u00eda: compra-venta, escrituras, registras propiedad y mercantiles, liquidaci\u00f3n de impuestos, tr\u00e1mites de tr\u00e1fico y herencias.\" \/>\n<meta property=\"og:url\" content=\"https:\/\/finquescatalonia.cat\/gestoria-general\/\" \/>\n<meta property=\"og:site_name\" content=\"Finques Catalonia\" \/>\n<meta property=\"article:modified_time\" content=\"2025-04-10T08:48:06+00:00\" \/>\n<meta property=\"og:image\" content=\"https:\/\/finquescatalonia.cat\/wp-content\/uploads\/2025\/02\/pexels-photo-288477.webp\" \/>\n\t<meta property=\"og:image:width\" content=\"1000\" \/>\n\t<meta property=\"og:image:height\" content=\"750\" \/>\n\t<meta property=\"og:image:type\" content=\"image\/webp\" \/>\n<meta name=\"twitter:card\" content=\"summary_large_image\" \/>\n<script type=\"application\/ld+json\" class=\"yoast-schema-graph\">{\"@context\":\"https:\/\/schema.org\",\"@graph\":[{\"@type\":\"WebPage\",\"@id\":\"https:\/\/finquescatalonia.cat\/gestoria-general\/\",\"url\":\"https:\/\/finquescatalonia.cat\/gestoria-general\/\",\"name\":\"Gestor\u00eda General\u200b - Finques Catalonia\",\"isPartOf\":{\"@id\":\"https:\/\/finquescatalonia.cat\/#website\"},\"primaryImageOfPage\":{\"@id\":\"https:\/\/finquescatalonia.cat\/gestoria-general\/#primaryimage\"},\"image\":{\"@id\":\"https:\/\/finquescatalonia.cat\/gestoria-general\/#primaryimage\"},\"thumbnailUrl\":\"https:\/\/finquescatalonia.cat\/wp-content\/uploads\/2025\/02\/pexels-photo-288477.webp\",\"datePublished\":\"2025-02-05T10:52:07+00:00\",\"dateModified\":\"2025-04-10T08:48:06+00:00\",\"description\":\"Servicios de Gestor\u00eda: compra-venta, escrituras, registras propiedad y mercantiles, liquidaci\u00f3n de impuestos, tr\u00e1mites de tr\u00e1fico y herencias.\",\"breadcrumb\":{\"@id\":\"https:\/\/finquescatalonia.cat\/gestoria-general\/#breadcrumb\"},\"inLanguage\":\"es\",\"potentialAction\":[{\"@type\":\"ReadAction\",\"target\":[\"https:\/\/finquescatalonia.cat\/gestoria-general\/\"]}]},{\"@type\":\"ImageObject\",\"inLanguage\":\"es\",\"@id\":\"https:\/\/finquescatalonia.cat\/gestoria-general\/#primaryimage\",\"url\":\"https:\/\/finquescatalonia.cat\/wp-content\/uploads\/2025\/02\/pexels-photo-288477.webp\",\"contentUrl\":\"https:\/\/finquescatalonia.cat\/wp-content\/uploads\/2025\/02\/pexels-photo-288477.webp\"},{\"@type\":\"BreadcrumbList\",\"@id\":\"https:\/\/finquescatalonia.cat\/gestoria-general\/#breadcrumb\",\"itemListElement\":[{\"@type\":\"ListItem\",\"position\":1,\"name\":\"Inici\",\"item\":\"https:\/\/finquescatalonia.cat\/es\/inicio\/\"},{\"@type\":\"ListItem\",\"position\":2,\"name\":\"Gestor\u00eda General\u200b\"}]},{\"@type\":\"WebSite\",\"@id\":\"https:\/\/finquescatalonia.cat\/#website\",\"url\":\"https:\/\/finquescatalonia.cat\/\",\"name\":\"Finques Catalonia\",\"description\":\"\",\"potentialAction\":[{\"@type\":\"SearchAction\",\"target\":{\"@type\":\"EntryPoint\",\"urlTemplate\":\"https:\/\/finquescatalonia.cat\/?s={search_term_string}\"},\"query-input\":{\"@type\":\"PropertyValueSpecification\",\"valueRequired\":true,\"valueName\":\"search_term_string\"}}],\"inLanguage\":\"es\"}]}<\/script>\n<!-- \/ Yoast SEO plugin. -->","yoast_head_json":{"title":"Gestor\u00eda General\u200b - Finques Catalonia","description":"Servicios de Gestor\u00eda: compra-venta, escrituras, registras propiedad y mercantiles, liquidaci\u00f3n de impuestos, tr\u00e1mites de tr\u00e1fico y herencias.","robots":{"index":"index","follow":"follow","max-snippet":"max-snippet:-1","max-image-preview":"max-image-preview:large","max-video-preview":"max-video-preview:-1"},"canonical":"https:\/\/finquescatalonia.cat\/gestoria-general\/","og_locale":"es_ES","og_type":"article","og_title":"Gestor\u00eda General\u200b - Finques Catalonia","og_description":"Servicios de Gestor\u00eda: compra-venta, escrituras, registras propiedad y mercantiles, liquidaci\u00f3n de impuestos, tr\u00e1mites de tr\u00e1fico y herencias.","og_url":"https:\/\/finquescatalonia.cat\/gestoria-general\/","og_site_name":"Finques Catalonia","article_modified_time":"2025-04-10T08:48:06+00:00","og_image":[{"width":1000,"height":750,"url":"https:\/\/finquescatalonia.cat\/wp-content\/uploads\/2025\/02\/pexels-photo-288477.webp","type":"image\/webp"}],"twitter_card":"summary_large_image","schema":{"@context":"https:\/\/schema.org","@graph":[{"@type":"WebPage","@id":"https:\/\/finquescatalonia.cat\/gestoria-general\/","url":"https:\/\/finquescatalonia.cat\/gestoria-general\/","name":"Gestor\u00eda General\u200b - Finques Catalonia","isPartOf":{"@id":"https:\/\/finquescatalonia.cat\/#website"},"primaryImageOfPage":{"@id":"https:\/\/finquescatalonia.cat\/gestoria-general\/#primaryimage"},"image":{"@id":"https:\/\/finquescatalonia.cat\/gestoria-general\/#primaryimage"},"thumbnailUrl":"https:\/\/finquescatalonia.cat\/wp-content\/uploads\/2025\/02\/pexels-photo-288477.webp","datePublished":"2025-02-05T10:52:07+00:00","dateModified":"2025-04-10T08:48:06+00:00","description":"Servicios de Gestor\u00eda: compra-venta, escrituras, registras propiedad y mercantiles, liquidaci\u00f3n de impuestos, tr\u00e1mites de tr\u00e1fico y herencias.","breadcrumb":{"@id":"https:\/\/finquescatalonia.cat\/gestoria-general\/#breadcrumb"},"inLanguage":"es","potentialAction":[{"@type":"ReadAction","target":["https:\/\/finquescatalonia.cat\/gestoria-general\/"]}]},{"@type":"ImageObject","inLanguage":"es","@id":"https:\/\/finquescatalonia.cat\/gestoria-general\/#primaryimage","url":"https:\/\/finquescatalonia.cat\/wp-content\/uploads\/2025\/02\/pexels-photo-288477.webp","contentUrl":"https:\/\/finquescatalonia.cat\/wp-content\/uploads\/2025\/02\/pexels-photo-288477.webp"},{"@type":"BreadcrumbList","@id":"https:\/\/finquescatalonia.cat\/gestoria-general\/#breadcrumb","itemListElement":[{"@type":"ListItem","position":1,"name":"Inici","item":"https:\/\/finquescatalonia.cat\/es\/inicio\/"},{"@type":"ListItem","position":2,"name":"Gestor\u00eda General\u200b"}]},{"@type":"WebSite","@id":"https:\/\/finquescatalonia.cat\/#website","url":"https:\/\/finquescatalonia.cat\/","name":"Finques Catalonia","description":"","potentialAction":[{"@type":"SearchAction","target":{"@type":"EntryPoint","urlTemplate":"https:\/\/finquescatalonia.cat\/?s={search_term_string}"},"query-input":{"@type":"PropertyValueSpecification","valueRequired":true,"valueName":"search_term_string"}}],"inLanguage":"es"}]}},"_links":{"self":[{"href":"https:\/\/finquescatalonia.cat\/es\/wp-json\/wp\/v2\/pages\/1214","targetHints":{"allow":["GET"]}}],"collection":[{"href":"https:\/\/finquescatalonia.cat\/es\/wp-json\/wp\/v2\/pages"}],"about":[{"href":"https:\/\/finquescatalonia.cat\/es\/wp-json\/wp\/v2\/types\/page"}],"author":[{"embeddable":true,"href":"https:\/\/finquescatalonia.cat\/es\/wp-json\/wp\/v2\/users\/1"}],"replies":[{"embeddable":true,"href":"https:\/\/finquescatalonia.cat\/es\/wp-json\/wp\/v2\/comments?post=1214"}],"version-history":[{"count":9,"href":"https:\/\/finquescatalonia.cat\/es\/wp-json\/wp\/v2\/pages\/1214\/revisions"}],"predecessor-version":[{"id":1497,"href":"https:\/\/finquescatalonia.cat\/es\/wp-json\/wp\/v2\/pages\/1214\/revisions\/1497"}],"wp:attachment":[{"href":"https:\/\/finquescatalonia.cat\/es\/wp-json\/wp\/v2\/media?parent=1214"}],"curies":[{"name":"wp","href":"https:\/\/api.w.org\/{rel}","templated":true}]}}